{"id":3091,"date":"2024-10-02T17:24:25","date_gmt":"2024-10-02T15:24:25","guid":{"rendered":"https:\/\/3ccom.com.ar\/?page_id=3091"},"modified":"2024-10-02T17:32:18","modified_gmt":"2024-10-02T15:32:18","slug":"alezzandrinioftalmotrials","status":"publish","type":"page","link":"https:\/\/3ccom.com.ar\/index.php\/alezzandrinioftalmotrials\/","title":{"rendered":"alezzandrinioftalmotrials"},"content":{"rendered":"<p>[et_pb_section fb_built=\u00bb1&#8243; disabled_on=\u00bboff|off|off\u00bb admin_label=\u00bbSection\u00bb _builder_version=\u00bb4.27.0&#8243; _module_preset=\u00bbdefault\u00bb custom_padding=\u00bb0px||0px||false|false\u00bb animation_direction=\u00bbtop\u00bb sticky_position=\u00bbtop\u00bb da_disable_devices=\u00bboff|off|off\u00bb box_shadow_style=\u00bbpreset3&#8243; box_shadow_color=\u00bbrgba(0,0,0,0.2)\u00bb global_colors_info=\u00bb{}\u00bb locked=\u00bboff\u00bb theme_builder_area=\u00bbpost_content\u00bb da_is_popup=\u00bboff\u00bb da_exit_intent=\u00bboff\u00bb da_has_close=\u00bbon\u00bb da_alt_close=\u00bboff\u00bb da_dark_close=\u00bboff\u00bb da_not_modal=\u00bbon\u00bb da_is_singular=\u00bboff\u00bb da_with_loader=\u00bboff\u00bb da_has_shadow=\u00bbon\u00bb][et_pb_row _builder_version=\u00bb4.24.2&#8243; _module_preset=\u00bbdefault\u00bb width=\u00bb90%\u00bb custom_padding=\u00bb0px||0px||false|false\u00bb animation_style=\u00bbslide\u00bb animation_direction=\u00bbtop\u00bb animation_intensity_slide=\u00bb3%\u00bb global_colors_info=\u00bb{}\u00bb theme_builder_area=\u00bbpost_content\u00bb][et_pb_column type=\u00bb4_4&#8243; _builder_version=\u00bb4.24.0&#8243; _module_preset=\u00bbdefault\u00bb global_colors_info=\u00bb{}\u00bb theme_builder_area=\u00bbpost_content\u00bb][et_pb_menu menu_id=\u00bbnone\u00bb active_link_color=\u00bb#0C71C3&#8243; dropdown_menu_line_color=\u00bb#FFFFFF\u00bb logo=\u00bbhttps:\/\/3ccom.com.ar\/wp-content\/uploads\/2024\/07\/logo-menu_blanco.png\u00bb logo_max_width=\u00bb40%\u00bb logo_width_tablet=\u00bb\u00bb logo_width_phone=\u00bb\u00bb logo_width_last_edited=\u00bbon|phone\u00bb logo_max_width_tablet=\u00bb40%\u00bb logo_max_width_phone=\u00bb90%\u00bb logo_max_width_last_edited=\u00bbon|phone\u00bb _builder_version=\u00bb4.27.0&#8243; _module_preset=\u00bbdefault\u00bb menu_font=\u00bbMontserrat|||on|||||\u00bb menu_text_color=\u00bb#636363&#8243; menu_font_size=\u00bb1em\u00bb menu_letter_spacing=\u00bb1px\u00bb text_orientation=\u00bbright\u00bb custom_padding=\u00bb10px||10px||false|false\u00bb global_colors_info=\u00bb{}\u00bb menu_text_color__hover_enabled=\u00bbon|desktop\u00bb menu_text_color__hover=\u00bb#0C71C3&#8243; theme_builder_area=\u00bbpost_content\u00bb][\/et_pb_menu][\/et_pb_column][\/et_pb_row][\/et_pb_section][et_pb_section fb_built=\u00bb1&#8243; custom_padding_last_edited=\u00bbon|phone\u00bb admin_label=\u00bbNoticias\u00bb _builder_version=\u00bb4.27.0&#8243; _module_preset=\u00bbdefault\u00bb background_color=\u00bbgcid-86031d5b-0170-405c-b57e-166734aa8a67&#8243; custom_padding=\u00bb0px||0px||false|false\u00bb custom_padding_tablet=\u00bb0px||0px||false|false\u00bb custom_padding_phone=\u00bb20px||20px||false|false\u00bb da_disable_devices=\u00bboff|off|off\u00bb global_colors_info=\u00bb{%22gcid-86031d5b-0170-405c-b57e-166734aa8a67%22:%91%22background_color%22%93}\u00bb locked=\u00bboff\u00bb theme_builder_area=\u00bbpost_content\u00bb da_is_popup=\u00bboff\u00bb da_exit_intent=\u00bboff\u00bb da_has_close=\u00bbon\u00bb da_alt_close=\u00bboff\u00bb da_dark_close=\u00bboff\u00bb da_not_modal=\u00bbon\u00bb da_is_singular=\u00bboff\u00bb da_with_loader=\u00bboff\u00bb da_has_shadow=\u00bbon\u00bb][et_pb_row column_structure=\u00bb3_5,2_5&#8243; use_custom_gutter=\u00bbon\u00bb make_equal=\u00bbon\u00bb _builder_version=\u00bb4.27.0&#8243; _module_preset=\u00bbdefault\u00bb background_enable_color=\u00bboff\u00bb width=\u00bb90%\u00bb custom_padding=\u00bb0px||0px||false|false\u00bb animation_style=\u00bbfade\u00bb animation_direction=\u00bbbottom\u00bb hover_enabled=\u00bb0&#8243; global_colors_info=\u00bb{}\u00bb theme_builder_area=\u00bbpost_content\u00bb sticky_enabled=\u00bb0&#8243;][et_pb_column type=\u00bb3_5&#8243; _builder_version=\u00bb4.27.0&#8243; _module_preset=\u00bbdefault\u00bb custom_padding=\u00bb||||false|false\u00bb global_colors_info=\u00bb{}\u00bb theme_builder_area=\u00bbpost_content\u00bb][et_pb_text _builder_version=\u00bb4.27.0&#8243; _module_preset=\u00bbdefault\u00bb text_font=\u00bbMontserrat|300||on|||||\u00bb text_text_color=\u00bb#fff4ba\u00bb text_font_size=\u00bb46px\u00bb text_line_height=\u00bb1.1em\u00bb custom_padding=\u00bb100px||||false|false\u00bb scroll_blur_enable=\u00bbon\u00bb scroll_blur=\u00bb0|25|45|100|10|0|0&#8243; hover_enabled=\u00bb0&#8243; text_font_size_tablet=\u00bb46px\u00bb text_font_size_phone=\u00bb28px\u00bb text_font_size_last_edited=\u00bbon|phone\u00bb global_colors_info=\u00bb{}\u00bb header_5_text_color=\u00bb#FFFFFF\u00bb sticky_enabled=\u00bb0&#8243; theme_builder_area=\u00bbpost_content\u00bb]<\/p>\n<p><span>OFTALMOTRIALS<\/span><\/p>\n<h5><span><\/span><\/h5>\n<h5><span><\/span><\/h5>\n<h5><span>INVESTIGACI\u00d3N CL\u00cdNICA<\/span><\/h5>\n<p>[\/et_pb_text][et_pb_text _builder_version=\u00bb4.27.0&#8243; _module_preset=\u00bbdefault\u00bb text_font=\u00bbMontserrat|300|||||||\u00bb text_text_color=\u00bb#FFFFFF\u00bb text_font_size=\u00bb18px\u00bb text_letter_spacing=\u00bb1px\u00bb text_line_height=\u00bb1.3em\u00bb header_4_font=\u00bbMontserrat|300|||||||\u00bb header_4_text_color=\u00bb#FFFFFF\u00bb header_4_line_height=\u00bb1.3em\u00bb custom_padding=\u00bb20px||40px||false|false\u00bb hover_enabled=\u00bb0&#8243; text_line_height_tablet=\u00bb\u00bb text_line_height_phone=\u00bb1.2em\u00bb text_line_height_last_edited=\u00bbon|phone\u00bb locked=\u00bboff\u00bb global_colors_info=\u00bb{}\u00bb theme_builder_area=\u00bbpost_content\u00bb header_font=\u00bbMontserrat|300|||||||\u00bb sticky_enabled=\u00bb0&#8243;]<\/p>\n<p class=\"p1\"><b>NUESTRA ORGANIZACI\u00d3N<\/b><\/p>\n<p class=\"p2\">Nos respaldan m\u00e1s de dos d\u00e9cadas de experiencia en Investigaci\u00f3n Cl\u00ednica con formaci\u00f3n, participaci\u00f3n, trabajo conjunto, publicaciones e interacci\u00f3n cient\u00edfica permanente, que, en compa\u00f1\u00eda de Patrocinadores, CRO e investigadores trabajamos tenazmente en todos los aspectos de los ensayos cl\u00ednicos, para colaborar a garantizar que los objetivos y expectativas se cumplan oportunamente con \u00e9xito cumpliendo los est\u00e1ndares de calidad y regulaciones locales.<span class=\"Apple-converted-space\">\u00a0 <\/span>Nuestra organizaci\u00f3n cuenta con un amplio portafolio de informaci\u00f3n que contribuye a la planificaci\u00f3n estrat\u00e9gica de ensayos in situ y potencialmente en otras regiones. Integrada por especialistas de primer nivel con instalaciones de \u00faltima generaci\u00f3n.<\/p>\n<p class=\"p1\"><b>NUESTRO EQUIPO<\/b><\/p>\n<p class=\"p2\">Somos un equipo afianzado, multidisciplinario, con un extenso camino recorrido de trabajo colaborativo con autoridades regionales y nacionales respetado en la comunidad m\u00e9dica latinoamericana.<\/p>\n<p class=\"p1\"><b>NUESTRA MISION<\/b><\/p>\n<p class=\"p2\">Conducir ensayos cl\u00ednicos seguros y \u00e9ticos para evaluar la eficacia y la seguridad de nuevos tratamientos, con el fin de acelerar la disponibilidad de tratamientos innovadores para pacientes con enfermedades graves o que no tienen otras opciones, mejorando as\u00ed su calidad de vida.<\/p>\n<p class=\"p1\"><b>\u00bfPOR QUE ELEGIRNOS?<\/b><\/p>\n<p class=\"p2\">Contamos con amplia experiencia y trayectoria, somos un equipo altamente calificado en todas las \u00e1reas involucradas en un ensayo cl\u00ednico, adheridos a los principios \u00e9ticos de la investigaci\u00f3n cl\u00ednica. Poseemos instalaciones adecuadas para la realizaci\u00f3n del estudio; equipos tecnol\u00f3gicos modernos y sistemas inform\u00e1ticos seguros para almacenar y gestionar la informaci\u00f3n del estudio.<span class=\"Apple-converted-space\">\u00a0 <\/span>Poseemos alta capacidad de reclutamiento y retenci\u00f3n de pacientes.<\/p>\n<p>[\/et_pb_text][\/et_pb_column][et_pb_column type=\u00bb2_5&#8243; _builder_version=\u00bb4.27.0&#8243; _module_preset=\u00bbdefault\u00bb background_enable_image=\u00bboff\u00bb global_colors_info=\u00bb{}\u00bb theme_builder_area=\u00bbpost_content\u00bb][et_pb_image src=\u00bbhttps:\/\/3ccom.com.ar\/wp-content\/uploads\/2024\/10\/Frente600.webp\u00bb title_text=\u00bbFrente600&#8243; _builder_version=\u00bb4.27.0&#8243; _module_preset=\u00bbdefault\u00bb global_colors_info=\u00bb{}\u00bb theme_builder_area=\u00bbpost_content\u00bb][\/et_pb_image][et_pb_text _builder_version=\u00bb4.27.0&#8243; _module_preset=\u00bbdefault\u00bb text_font=\u00bbMontserrat|300|||||||\u00bb text_text_color=\u00bb#FFFFFF\u00bb text_font_size=\u00bb18px\u00bb text_letter_spacing=\u00bb1px\u00bb text_line_height=\u00bb1.3em\u00bb header_4_font=\u00bbMontserrat|300|||||||\u00bb header_4_text_color=\u00bb#FFFFFF\u00bb header_4_line_height=\u00bb1.3em\u00bb custom_padding=\u00bb20px||40px||false|false\u00bb hover_enabled=\u00bb0&#8243; text_line_height_tablet=\u00bb\u00bb text_line_height_phone=\u00bb1.2em\u00bb text_line_height_last_edited=\u00bbon|phone\u00bb locked=\u00bboff\u00bb global_colors_info=\u00bb{}\u00bb theme_builder_area=\u00bbpost_content\u00bb header_font=\u00bbMontserrat|300|||||||\u00bb sticky_enabled=\u00bb0&#8243;]<\/p>\n<p class=\"p1\"><b>Contacto<\/b><\/p>\n<p class=\"p1\"><span style=\"color: #ffcc99;\"><strong>Cecilia Fattor<\/strong><\/span><br \/>cecifattor@yahoo.com.ar<\/p>\n<p class=\"p2\">\n<p class=\"p1\"><span style=\"color: #ffcc99;\"><strong>Melina Ameghino<\/strong><\/span><br \/>melinaam@yahoo.com.ar<\/p>\n<p>[\/et_pb_text][\/et_pb_column][\/et_pb_row][\/et_pb_section][et_pb_section fb_built=\u00bb1&#8243; custom_padding_last_edited=\u00bbon|phone\u00bb admin_label=\u00bbSection\u00bb module_id=\u00bbContacto\u00bb _builder_version=\u00bb4.24.2&#8243; _module_preset=\u00bbdefault\u00bb background_color=\u00bb#504d5e\u00bb custom_padding_tablet=\u00bb\u00bb custom_padding_phone=\u00bb|20px||20px|false|false\u00bb da_popup_slug=\u00bbContacto\u00bb da_disable_devices=\u00bboff|off|off\u00bb global_colors_info=\u00bb{}\u00bb locked=\u00bboff\u00bb theme_builder_area=\u00bbpost_content\u00bb da_is_popup=\u00bboff\u00bb da_exit_intent=\u00bboff\u00bb da_has_close=\u00bbon\u00bb da_alt_close=\u00bboff\u00bb da_dark_close=\u00bboff\u00bb da_not_modal=\u00bbon\u00bb da_is_singular=\u00bboff\u00bb da_with_loader=\u00bboff\u00bb da_has_shadow=\u00bbon\u00bb][et_pb_row _builder_version=\u00bb4.24.2&#8243; _module_preset=\u00bbdefault\u00bb width=\u00bb90%\u00bb custom_margin=\u00bb||60px||false|false\u00bb global_colors_info=\u00bb{}\u00bb theme_builder_area=\u00bbpost_content\u00bb][et_pb_column type=\u00bb4_4&#8243; _builder_version=\u00bb4.24.0&#8243; _module_preset=\u00bbdefault\u00bb global_colors_info=\u00bb{}\u00bb theme_builder_area=\u00bbpost_content\u00bb][et_pb_text _builder_version=\u00bb4.27.0&#8243; _module_preset=\u00bbdefault\u00bb text_font=\u00bbMontserrat|300|||||||\u00bb text_text_color=\u00bb#FFFFFF\u00bb text_font_size=\u00bb48px\u00bb text_line_height=\u00bb1.2em\u00bb global_colors_info=\u00bb{}\u00bb theme_builder_area=\u00bbpost_content\u00bb]<\/p>\n<p>Esperamos tu consulta<\/p>\n<p>[\/et_pb_text][\/et_pb_column][\/et_pb_row][et_pb_row column_structure=\u00bb1_2,1_2&#8243; _builder_version=\u00bb4.24.2&#8243; _module_preset=\u00bbdefault\u00bb width=\u00bb90%\u00bb scroll_fade=\u00bb0|25|25|70|0|100|100&#8243; global_colors_info=\u00bb{}\u00bb theme_builder_area=\u00bbpost_content\u00bb][et_pb_column type=\u00bb1_2&#8243; _builder_version=\u00bb4.24.0&#8243; _module_preset=\u00bbdefault\u00bb global_colors_info=\u00bb{}\u00bb theme_builder_area=\u00bbpost_content\u00bb][et_pb_blurb title=\u00bbOFTALMOS\u00bb use_icon=\u00bbon\u00bb font_icon=\u00bb&#xf3c5;||fa||900&#8243; icon_color=\u00bb#ffe2b1&#8243; icon_placement=\u00bbleft\u00bb _builder_version=\u00bb4.24.2&#8243; _module_preset=\u00bbdefault\u00bb header_font=\u00bbMontserrat|300|||||||\u00bb header_text_color=\u00bb#FFFFFF\u00bb header_font_size=\u00bb26px\u00bb header_letter_spacing=\u00bb1px\u00bb body_font=\u00bbMontserrat||||||||\u00bb body_text_color=\u00bb#ead3bb\u00bb body_letter_spacing=\u00bb1px\u00bb animation_style=\u00bbfade\u00bb global_colors_info=\u00bb{}\u00bb theme_builder_area=\u00bbpost_content\u00bb]<\/p>\n<p><span>Av. C\u00f3rdoba 1832, C.A.B.A.<\/span><\/p>\n<p>[\/et_pb_blurb][et_pb_blurb title=\u00bb(011) 4812 3618&#8243; use_icon=\u00bbon\u00bb font_icon=\u00bb&#xf87b;||fa||900&#8243; icon_color=\u00bb#ffe2b1&#8243; icon_placement=\u00bbleft\u00bb _builder_version=\u00bb4.24.2&#8243; _module_preset=\u00bbdefault\u00bb header_font=\u00bbMontserrat|300|||||||\u00bb header_text_color=\u00bb#FFFFFF\u00bb header_font_size=\u00bb26px\u00bb header_letter_spacing=\u00bb1px\u00bb body_font=\u00bbMontserrat||||||||\u00bb body_text_color=\u00bb#ead3bb\u00bb body_letter_spacing=\u00bb1px\u00bb animation_style=\u00bbfade\u00bb animation_delay=\u00bb500ms\u00bb global_colors_info=\u00bb{}\u00bb theme_builder_area=\u00bbpost_content\u00bb]<\/p>\n<p><span>L\u00edneas rotativas<\/span><\/p>\n<p>[\/et_pb_blurb][et_pb_blurb title=\u00bbinfo@oftalmos.com\u00bb use_icon=\u00bbon\u00bb font_icon=\u00bb&#xf0e0;||fa||900&#8243; icon_color=\u00bb#ffe2b1&#8243; icon_placement=\u00bbleft\u00bb _builder_version=\u00bb4.24.2&#8243; _module_preset=\u00bbdefault\u00bb header_font=\u00bbMontserrat|300|||||||\u00bb header_text_color=\u00bb#FFFFFF\u00bb header_font_size=\u00bb26px\u00bb header_letter_spacing=\u00bb1px\u00bb body_font=\u00bbMontserrat||||||||\u00bb body_text_color=\u00bb#ead3bb\u00bb body_letter_spacing=\u00bb1px\u00bb animation_style=\u00bbfade\u00bb animation_delay=\u00bb1000ms\u00bb global_colors_info=\u00bb{}\u00bb theme_builder_area=\u00bbpost_content\u00bb]<\/p>\n<p><span>Escribinos tu consulta<\/span><\/p>\n<p>[\/et_pb_blurb][et_pb_blurb title=\u00bbVer en mapas\u00bb url=\u00bbhttps:\/\/maps.app.goo.gl\/8aonT2rfZ9egVmr39&#8243; use_icon=\u00bbon\u00bb font_icon=\u00bb&#xf5a0;||fa||900&#8243; icon_color=\u00bb#ffe2b1&#8243; icon_placement=\u00bbleft\u00bb _builder_version=\u00bb4.24.2&#8243; _module_preset=\u00bbdefault\u00bb header_font=\u00bbMontserrat|300|||||||\u00bb header_text_color=\u00bb#FFFFFF\u00bb header_font_size=\u00bb26px\u00bb header_letter_spacing=\u00bb1px\u00bb body_font=\u00bbMontserrat||||||||\u00bb body_text_color=\u00bb#ead3bb\u00bb body_letter_spacing=\u00bb1px\u00bb animation_style=\u00bbfade\u00bb animation_delay=\u00bb1500ms\u00bb link_option_url=\u00bbhttps:\/\/maps.app.goo.gl\/8aonT2rfZ9egVmr39&#8243; link_option_url_new_window=\u00bbon\u00bb global_colors_info=\u00bb{}\u00bb theme_builder_area=\u00bbpost_content\u00bb]<\/p>\n<p><span>Mostrar indicaciones<\/span><\/p>\n<p>[\/et_pb_blurb][et_pb_blurb title=\u00bbEstacionamiento\u00bb url=\u00bbhttps:\/\/maps.app.goo.gl\/8aonT2rfZ9egVmr39&#8243; use_icon=\u00bbon\u00bb font_icon=\u00bb&#xf1b9;||fa||900&#8243; icon_color=\u00bb#ffe2b1&#8243; icon_placement=\u00bbleft\u00bb _builder_version=\u00bb4.24.2&#8243; _module_preset=\u00bbdefault\u00bb header_font=\u00bbMontserrat|300|||||||\u00bb header_text_color=\u00bb#FFFFFF\u00bb header_font_size=\u00bb26px\u00bb header_letter_spacing=\u00bb1px\u00bb body_font=\u00bbMontserrat||||||||\u00bb body_text_color=\u00bb#ead3bb\u00bb body_letter_spacing=\u00bb1px\u00bb animation_style=\u00bbfade\u00bb animation_delay=\u00bb2000ms\u00bb link_option_url=\u00bbhttps:\/\/maps.app.goo.gl\/8aonT2rfZ9egVmr39&#8243; link_option_url_new_window=\u00bbon\u00bb global_colors_info=\u00bb{}\u00bb theme_builder_area=\u00bbpost_content\u00bb]<\/p>\n<p><span>C\u00f3rdoba 1864\/ Callao 750<br \/>(A cargo del paciente)<\/span><\/p>\n<p>[\/et_pb_blurb][\/et_pb_column][et_pb_column type=\u00bb1_2&#8243; _builder_version=\u00bb4.24.0&#8243; _module_preset=\u00bbdefault\u00bb global_colors_info=\u00bb{}\u00bb theme_builder_area=\u00bbpost_content\u00bb][et_pb_contact_form captcha=\u00bboff\u00bb _builder_version=\u00bb4.24.2&#8243; _module_preset=\u00bbdefault\u00bb _unique_id=\u00bbe9ee01f5-05c5-49c6-9187-47fb7da7772c\u00bb form_field_background_color=\u00bbRGBA(255,255,255,0)\u00bb form_field_text_color=\u00bb#ffe2b1&#8243; form_field_focus_background_color=\u00bbrgba(255,226,177,0.3)\u00bb form_field_custom_padding=\u00bb|||0px|false|false\u00bb form_field_font=\u00bbMontserrat|||on|||||\u00bb form_field_letter_spacing=\u00bb1px\u00bb custom_button=\u00bbon\u00bb button_text_size=\u00bb14px\u00bb button_text_color=\u00bb#ffe2b1&#8243; button_border_width=\u00bb0px\u00bb button_letter_spacing=\u00bb2px\u00bb button_font=\u00bbMontserrat|||on|||||\u00bb button_icon=\u00bb&#x3d;||divi||400&#8243; button_icon_color=\u00bb#ffe2b1&#8243; custom_padding_tablet=\u00bb\u00bb custom_padding_phone=\u00bb40px||||false|false\u00bb custom_padding_last_edited=\u00bbon|phone\u00bb animation_style=\u00bbfade\u00bb animation_delay=\u00bb1000ms\u00bb border_width_bottom=\u00bb1px\u00bb border_color_bottom=\u00bb#ffe2b1&#8243; global_colors_info=\u00bb{}\u00bb form_field_focus_background_color__hover_enabled=\u00bbon|desktop\u00bb form_field_focus_background_color__hover=\u00bbrgba(255,226,177,0.3)\u00bb theme_builder_area=\u00bbpost_content\u00bb][et_pb_contact_field field_id=\u00bbNombre\u00bb field_title=\u00bbNombre y apellido\u00bb fullwidth_field=\u00bbon\u00bb _builder_version=\u00bb4.24.0&#8243; _module_preset=\u00bbdefault\u00bb global_colors_info=\u00bb{}\u00bb theme_builder_area=\u00bbpost_content\u00bb][\/et_pb_contact_field][et_pb_contact_field field_id=\u00bbTel\u00bb field_title=\u00bbT\u00c9lefono\u00bb allowed_symbols=\u00bbnumbers\u00bb fullwidth_field=\u00bbon\u00bb _builder_version=\u00bb4.24.0&#8243; _module_preset=\u00bbdefault\u00bb global_colors_info=\u00bb{}\u00bb theme_builder_area=\u00bbpost_content\u00bb][\/et_pb_contact_field][et_pb_contact_field field_id=\u00bbMail\u00bb field_title=\u00bbEMAIL\u00bb field_type=\u00bbemail\u00bb fullwidth_field=\u00bbon\u00bb _builder_version=\u00bb4.24.0&#8243; _module_preset=\u00bbdefault\u00bb global_colors_info=\u00bb{}\u00bb theme_builder_area=\u00bbpost_content\u00bb][\/et_pb_contact_field][et_pb_contact_field field_id=\u00bbMessage\u00bb field_title=\u00bbMensaje\u00bb field_type=\u00bbtext\u00bb fullwidth_field=\u00bbon\u00bb _builder_version=\u00bb4.16&#8243; global_colors_info=\u00bb{}\u00bb button_text_size__hover_enabled=\u00bboff\u00bb button_one_text_size__hover_enabled=\u00bboff\u00bb button_two_text_size__hover_enabled=\u00bboff\u00bb button_text_color__hover_enabled=\u00bboff\u00bb button_one_text_color__hover_enabled=\u00bboff\u00bb button_two_text_color__hover_enabled=\u00bboff\u00bb button_border_width__hover_enabled=\u00bboff\u00bb button_one_border_width__hover_enabled=\u00bboff\u00bb button_two_border_width__hover_enabled=\u00bboff\u00bb button_border_color__hover_enabled=\u00bboff\u00bb button_one_border_color__hover_enabled=\u00bboff\u00bb button_two_border_color__hover_enabled=\u00bboff\u00bb button_border_radius__hover_enabled=\u00bboff\u00bb button_one_border_radius__hover_enabled=\u00bboff\u00bb button_two_border_radius__hover_enabled=\u00bboff\u00bb button_letter_spacing__hover_enabled=\u00bboff\u00bb button_one_letter_spacing__hover_enabled=\u00bboff\u00bb button_two_letter_spacing__hover_enabled=\u00bboff\u00bb button_bg_color__hover_enabled=\u00bboff\u00bb button_one_bg_color__hover_enabled=\u00bboff\u00bb button_two_bg_color__hover_enabled=\u00bboff\u00bb theme_builder_area=\u00bbpost_content\u00bb][\/et_pb_contact_field][\/et_pb_contact_form][\/et_pb_column][\/et_pb_row][et_pb_row _builder_version=\u00bb4.24.0&#8243; _module_preset=\u00bbdefault\u00bb width=\u00bb90%\u00bb max_width=\u00bb1200px\u00bb custom_margin=\u00bb40px||||false|false\u00bb global_colors_info=\u00bb{}\u00bb theme_builder_area=\u00bbpost_content\u00bb][et_pb_column type=\u00bb4_4&#8243; _builder_version=\u00bb4.24.0&#8243; _module_preset=\u00bbdefault\u00bb global_colors_info=\u00bb{}\u00bb theme_builder_area=\u00bbpost_content\u00bb][et_pb_text _builder_version=\u00bb4.24.0&#8243; _module_preset=\u00bbdefault\u00bb text_font=\u00bbMontserrat|300|||||||\u00bb text_text_color=\u00bb#FFFFFF\u00bb text_font_size=\u00bb12px\u00bb text_orientation=\u00bbcenter\u00bb global_colors_info=\u00bb{}\u00bb theme_builder_area=\u00bbpost_content\u00bb]<\/p>\n<p><b>\u00ae <\/b>DOCTOR ARTURO ALEZZANDRINI 2024 \u00a0&#8211; TODOS LOS DERECHOS RESERVADOS<\/p>\n<p>[\/et_pb_text][et_pb_text _builder_version=\u00bb4.24.2&#8243; _module_preset=\u00bbdefault\u00bb text_font=\u00bbMontserrat|300|||||||\u00bb text_text_color=\u00bb#FFFFFF\u00bb text_font_size=\u00bb12px\u00bb text_orientation=\u00bbcenter\u00bb global_colors_info=\u00bb{}\u00bb theme_builder_area=\u00bbpost_content\u00bb]<\/p>\n<p>DISE\u00d1O ESTUDIO 3C<\/p>\n<p>[\/et_pb_text][\/et_pb_column][\/et_pb_row][\/et_pb_section]<\/p>\n","protected":false},"excerpt":{"rendered":"<p>OFTALMOTRIALS INVESTIGACI\u00d3N CL\u00cdNICANUESTRA ORGANIZACI\u00d3N Nos respaldan m\u00e1s de dos d\u00e9cadas de experiencia en Investigaci\u00f3n Cl\u00ednica con formaci\u00f3n, participaci\u00f3n, trabajo conjunto, publicaciones e interacci\u00f3n cient\u00edfica permanente, que, en compa\u00f1\u00eda de Patrocinadores, CRO e investigadores trabajamos tenazmente en todos los aspectos de los ensayos cl\u00ednicos, para colaborar a garantizar que los objetivos y expectativas se cumplan oportunamente [&hellip;]<\/p>\n","protected":false},"author":1,"featured_media":0,"parent":0,"menu_order":0,"comment_status":"closed","ping_status":"closed","template":"page-template-blank.php","meta":{"_et_pb_use_builder":"on","_et_pb_old_content":"","_et_gb_content_width":"","footnotes":""},"class_list":["post-3091","page","type-page","status-publish","hentry"],"_links":{"self":[{"href":"https:\/\/3ccom.com.ar\/index.php\/wp-json\/wp\/v2\/pages\/3091","targetHints":{"allow":["GET"]}}],"collection":[{"href":"https:\/\/3ccom.com.ar\/index.php\/wp-json\/wp\/v2\/pages"}],"about":[{"href":"https:\/\/3ccom.com.ar\/index.php\/wp-json\/wp\/v2\/types\/page"}],"author":[{"embeddable":true,"href":"https:\/\/3ccom.com.ar\/index.php\/wp-json\/wp\/v2\/users\/1"}],"replies":[{"embeddable":true,"href":"https:\/\/3ccom.com.ar\/index.php\/wp-json\/wp\/v2\/comments?post=3091"}],"version-history":[{"count":6,"href":"https:\/\/3ccom.com.ar\/index.php\/wp-json\/wp\/v2\/pages\/3091\/revisions"}],"predecessor-version":[{"id":3097,"href":"https:\/\/3ccom.com.ar\/index.php\/wp-json\/wp\/v2\/pages\/3091\/revisions\/3097"}],"wp:attachment":[{"href":"https:\/\/3ccom.com.ar\/index.php\/wp-json\/wp\/v2\/media?parent=3091"}],"curies":[{"name":"wp","href":"https:\/\/api.w.org\/{rel}","templated":true}]}}